{"id":404,"date":"2024-12-06T14:59:36","date_gmt":"2024-12-06T17:59:36","guid":{"rendered":"https:\/\/b2lab.net.br\/?page_id=404"},"modified":"2024-12-06T15:36:49","modified_gmt":"2024-12-06T18:36:49","slug":"cursos-tecnicos-cadastro","status":"publish","type":"page","link":"https:\/\/b2lab.net.br\/index.php\/cursos-tecnicos-cadastro\/","title":{"rendered":"cursos t\u00e9cnicos cadastro"},"content":{"rendered":"\t\t<div data-elementor-type=\"wp-page\" data-elementor-id=\"404\" class=\"elementor elementor-404\">\n\t\t\t\t\t\t<section class=\"elementor-section elementor-top-section elementor-element elementor-element-3543d747 elementor-section-boxed elementor-section-height-default elementor-section-height-default\" data-id=\"3543d747\" data-element_type=\"section\" data-e-type=\"section\">\n\t\t\t\t\t\t\t<div class=\"elementor-background-overlay\"><\/div>\n\t\t\t\t\t\t\t<div class=\"elementor-container elementor-column-gap-default\">\n\t\t\t\t\t<div class=\"elementor-column elementor-col-100 elementor-top-column elementor-element elementor-element-17176d9b\" data-id=\"17176d9b\" data-element_type=\"column\" data-e-type=\"column\">\n\t\t\t<div class=\"elementor-widget-wrap elementor-element-populated\">\n\t\t\t\t\t\t<div class=\"elementor-element elementor-element-29596e66 e-transform e-transform elementor-widget__width-initial elementor-button-align-stretch elementor-widget elementor-widget-form\" data-id=\"29596e66\" data-element_type=\"widget\" data-e-type=\"widget\" data-settings=\"{&quot;step_next_label&quot;:&quot;Pr\\u00f3ximo&quot;,&quot;step_previous_label&quot;:&quot;Voltar&quot;,&quot;motion_fx_motion_fx_scrolling&quot;:&quot;yes&quot;,&quot;_transform_translateX_effect&quot;:{&quot;unit&quot;:&quot;px&quot;,&quot;size&quot;:0,&quot;sizes&quot;:[]},&quot;_transform_translateY_effect&quot;:{&quot;unit&quot;:&quot;px&quot;,&quot;size&quot;:22,&quot;sizes&quot;:[]},&quot;_transform_scale_effect&quot;:{&quot;unit&quot;:&quot;px&quot;,&quot;size&quot;:0.8,&quot;sizes&quot;:[]},&quot;_transform_translateY_effect_tablet&quot;:{&quot;unit&quot;:&quot;px&quot;,&quot;size&quot;:-279,&quot;sizes&quot;:[]},&quot;_transform_translateY_effect_mobile&quot;:{&quot;unit&quot;:&quot;px&quot;,&quot;size&quot;:-183,&quot;sizes&quot;:[]},&quot;_transform_scale_effect_tablet&quot;:{&quot;unit&quot;:&quot;px&quot;,&quot;size&quot;:1,&quot;sizes&quot;:[]},&quot;_transform_scale_effect_mobile&quot;:{&quot;unit&quot;:&quot;px&quot;,&quot;size&quot;:1.1,&quot;sizes&quot;:[]},&quot;button_width&quot;:&quot;100&quot;,&quot;step_type&quot;:&quot;number_text&quot;,&quot;step_icon_shape&quot;:&quot;circle&quot;,&quot;motion_fx_devices&quot;:[&quot;desktop&quot;,&quot;tablet&quot;,&quot;mobile&quot;],&quot;_transform_translateX_effect_tablet&quot;:{&quot;unit&quot;:&quot;px&quot;,&quot;size&quot;:&quot;&quot;,&quot;sizes&quot;:[]},&quot;_transform_translateX_effect_mobile&quot;:{&quot;unit&quot;:&quot;px&quot;,&quot;size&quot;:&quot;&quot;,&quot;sizes&quot;:[]}}\" data-widget_type=\"form.default\">\n\t\t\t\t<div class=\"elementor-widget-container\">\n\t\t\t\t\t\t\t<form class=\"elementor-form\" method=\"post\" name=\"New Form\">\n\t\t\t<input type=\"hidden\" name=\"post_id\" value=\"404\"\/>\n\t\t\t<input type=\"hidden\" name=\"form_id\" value=\"29596e66\"\/>\n\t\t\t<input type=\"hidden\" name=\"referer_title\" value=\"B2lab Educacional\" \/>\n\n\t\t\t\n\t\t\t<div class=\"elementor-form-fields-wrapper elementor-labels-above\">\n\t\t\t\t\t\t\t\t<div class=\"elementor-field-type-step elementor-field-group elementor-column elementor-field-group-field_c7e27df elementor-col-100\">\n\t\t\t\t\t\t\t<div class=\"e-field-step elementor-hidden\" data-label=\"\" data-previousButton=\"\" data-nextButton=\"\" data-iconUrl=\"\" data-iconLibrary=\"fas fa-star\" data-icon=\"\" ><\/div>\n\n\t\t\t\t\t\t<\/div>\n\t\t\t\t\t\t\t\t<div class=\"elementor-field-type-text elementor-field-group elementor-column elementor-field-group-name elementor-col-100 elementor-field-required elementor-mark-required\">\n\t\t\t\t\t\t\t\t\t\t\t\t<label for=\"form-field-name\" class=\"elementor-field-label\">\n\t\t\t\t\t\t\t\tNome Completo\t\t\t\t\t\t\t<\/label>\n\t\t\t\t\t\t\t\t\t\t\t\t\t\t<input size=\"1\" type=\"text\" name=\"form_fields[name]\" id=\"form-field-name\" class=\"elementor-field elementor-size-sm  elementor-field-textual\" placeholder=\"Nome Completo:\" required=\"required\" aria-required=\"true\">\n\t\t\t\t\t\t\t\t\t\t\t<\/div>\n\t\t\t\t\t\t\t\t<div class=\"elementor-field-type-tel elementor-field-group elementor-column elementor-field-group-email elementor-col-100 elementor-field-required elementor-mark-required\">\n\t\t\t\t\t\t\t\t\t\t\t\t<label for=\"form-field-email\" class=\"elementor-field-label\">\n\t\t\t\t\t\t\t\tNumero\t\t\t\t\t\t\t<\/label>\n\t\t\t\t\t\t\t\t<input size=\"1\" type=\"tel\" name=\"form_fields[email]\" id=\"form-field-email\" class=\"elementor-field elementor-size-sm  elementor-field-textual\" placeholder=\"N\u00famero:\" required=\"required\" aria-required=\"true\" pattern=\"[0-9()#&amp;+*-=.]+\" title=\"Only numbers and phone characters (#, -, *, etc) are accepted.\">\n\n\t\t\t\t\t\t<\/div>\n\t\t\t\t\t\t\t\t<div class=\"elementor-field-type-email elementor-field-group elementor-column elementor-field-group-message elementor-col-100 elementor-field-required elementor-mark-required\">\n\t\t\t\t\t\t\t\t\t\t\t\t<label for=\"form-field-message\" class=\"elementor-field-label\">\n\t\t\t\t\t\t\t\tEmail\t\t\t\t\t\t\t<\/label>\n\t\t\t\t\t\t\t\t\t\t\t\t\t\t<input size=\"1\" type=\"email\" name=\"form_fields[message]\" id=\"form-field-message\" class=\"elementor-field elementor-size-sm  elementor-field-textual\" placeholder=\"E-mail:\" required=\"required\" aria-required=\"true\">\n\t\t\t\t\t\t\t\t\t\t\t<\/div>\n\t\t\t\t\t\t\t\t<div class=\"elementor-field-type-select elementor-field-group elementor-column elementor-field-group-field_5208af4 elementor-col-100 elementor-field-required elementor-mark-required\">\n\t\t\t\t\t\t\t\t\t\t\t\t<label for=\"form-field-field_5208af4\" class=\"elementor-field-label\">\n\t\t\t\t\t\t\t\tPolo\t\t\t\t\t\t\t<\/label>\n\t\t\t\t\t\t\t\t<div class=\"elementor-field elementor-select-wrapper remove-before \">\n\t\t\t<div class=\"select-caret-down-wrapper\">\n\t\t\t\t<i aria-hidden=\"true\" class=\"eicon-caret-down\"><\/i>\t\t\t<\/div>\n\t\t\t<select name=\"form_fields[field_5208af4]\" id=\"form-field-field_5208af4\" class=\"elementor-field-textual elementor-size-sm\" required=\"required\" aria-required=\"true\">\n\t\t\t\t\t\t\t\t\t<option value=\"SP - Suzano\">SP - Suzano<\/option>\n\t\t\t\t\t\t\t<\/select>\n\t\t<\/div>\n\t\t\t\t\t\t<\/div>\n\t\t\t\t\t\t\t\t<div class=\"elementor-field-type-step elementor-field-group elementor-column elementor-field-group-field_41a1a75 elementor-col-100\">\n\t\t\t\t\t\t\t<div class=\"e-field-step elementor-hidden\" data-label=\"Curso\" data-previousButton=\"\" data-nextButton=\"\" data-iconUrl=\"\" data-iconLibrary=\"fas fa-star\" data-icon=\"\" ><\/div>\n\n\t\t\t\t\t\t<\/div>\n\t\t\t\t\t\t\t\t<div class=\"elementor-field-type-select elementor-field-group elementor-column elementor-field-group-field_7bca80c elementor-col-100 elementor-field-required elementor-mark-required\">\n\t\t\t\t\t\t\t\t\t\t\t\t<label for=\"form-field-field_7bca80c\" class=\"elementor-field-label\">\n\t\t\t\t\t\t\t\tCursos\t\t\t\t\t\t\t<\/label>\n\t\t\t\t\t\t\t\t<div class=\"elementor-field elementor-select-wrapper remove-before \">\n\t\t\t<div class=\"select-caret-down-wrapper\">\n\t\t\t\t<i aria-hidden=\"true\" class=\"eicon-caret-down\"><\/i>\t\t\t<\/div>\n\t\t\t<select name=\"form_fields[field_7bca80c]\" id=\"form-field-field_7bca80c\" class=\"elementor-field-textual elementor-size-sm\" required=\"required\" aria-required=\"true\">\n\t\t\t\t\t\t\t\t\t<option value=\"Cursos\">Cursos<\/option>\n\t\t\t\t\t\t\t\t\t<option value=\"T\u00c9CNICO EM DESENVOLVIMENTO DE SISTEMAS\">T\u00c9CNICO EM DESENVOLVIMENTO DE SISTEMAS<\/option>\n\t\t\t\t\t\t\t\t\t<option value=\"T\u00c9CNICO EM CONTABILIDADE\">T\u00c9CNICO EM CONTABILIDADE<\/option>\n\t\t\t\t\t\t\t\t\t<option value=\"T\u00c9CNICO EM COMPUTA\u00c7\u00c3O GR\u00c1FICA\">T\u00c9CNICO EM COMPUTA\u00c7\u00c3O GR\u00c1FICA<\/option>\n\t\t\t\t\t\t\t\t\t<option value=\"T\u00c9CNICO EM AUTOMA\u00c7\u00c3O INDUSTRIAL\">T\u00c9CNICO EM AUTOMA\u00c7\u00c3O INDUSTRIAL<\/option>\n\t\t\t\t\t\t\t\t\t<option value=\"T\u00c9CNICO EM AGRONEG\u00d3CIOS\">T\u00c9CNICO EM AGRONEG\u00d3CIOS<\/option>\n\t\t\t\t\t\t\t\t\t<option value=\"T\u00c9CNICO EM ADMINISTRA\u00c7\u00c3O\">T\u00c9CNICO EM ADMINISTRA\u00c7\u00c3O<\/option>\n\t\t\t\t\t\t\t\t\t<option value=\"T\u00c9CNICO EM VENDAS\">T\u00c9CNICO EM VENDAS<\/option>\n\t\t\t\t\t\t\t\t\t<option value=\"T\u00c9CNICO EM GUIA DE TURISMO\">T\u00c9CNICO EM GUIA DE TURISMO<\/option>\n\t\t\t\t\t\t\t\t\t<option value=\"T\u00c9CNICO EM TRANSA\u00c7\u00d5ES IMOBILI\u00c1RIAS\">T\u00c9CNICO EM TRANSA\u00c7\u00d5ES IMOBILI\u00c1RIAS<\/option>\n\t\t\t\t\t\t\t\t\t<option value=\"T\u00c9CNICO EM SEGURAN\u00c7A DO TRABALHO\">T\u00c9CNICO EM SEGURAN\u00c7A DO TRABALHO<\/option>\n\t\t\t\t\t\t\t\t\t<option value=\"T\u00c9CNICO EM SECRETARIA ESCOLAR\">T\u00c9CNICO EM SECRETARIA ESCOLAR<\/option>\n\t\t\t\t\t\t\t\t\t<option value=\"T\u00c9CNICO EM SA\u00daDE BUCAL\">T\u00c9CNICO EM SA\u00daDE BUCAL<\/option>\n\t\t\t\t\t\t\t\t\t<option value=\"T\u00c9CNICO EM REDES DE COMPUTADORES\">T\u00c9CNICO EM REDES DE COMPUTADORES<\/option>\n\t\t\t\t\t\t\t\t\t<option value=\"T\u00c9CNICO EM RECURSOS HUMANOS\">T\u00c9CNICO EM RECURSOS HUMANOS<\/option>\n\t\t\t\t\t\t\t\t\t<option value=\"T\u00c9CNICO EM PROGRAMA\u00c7\u00c3O DE JOGOS DIGITAIS\">T\u00c9CNICO EM PROGRAMA\u00c7\u00c3O DE JOGOS DIGITAIS<\/option>\n\t\t\t\t\t\t\t\t\t<option value=\"T\u00c9CNICO EM NUTRI\u00c7\u00c3O E DIET\u00c9TICA\">T\u00c9CNICO EM NUTRI\u00c7\u00c3O E DIET\u00c9TICA<\/option>\n\t\t\t\t\t\t\t\t\t<option value=\"T\u00c9CNICO EM MARKETING E COMUNICA\u00c7\u00c3O\">T\u00c9CNICO EM MARKETING E COMUNICA\u00c7\u00c3O<\/option>\n\t\t\t\t\t\t\t\t\t<option value=\"T\u00c9CNICO EM MEIO AMBIENTE\">T\u00c9CNICO EM MEIO AMBIENTE<\/option>\n\t\t\t\t\t\t\t\t\t<option value=\"T\u00c9CNICO EM MEC\u00c2NICA INDUSTRIAL\">T\u00c9CNICO EM MEC\u00c2NICA INDUSTRIAL<\/option>\n\t\t\t\t\t\t\t\t\t<option value=\"T\u00c9CNICO EM MANUTEN\u00c7\u00c3O E SUPORTE PARA INFORM\u00c1TICA\">T\u00c9CNICO EM MANUTEN\u00c7\u00c3O E SUPORTE PARA INFORM\u00c1TICA<\/option>\n\t\t\t\t\t\t\t\t\t<option value=\"T\u00c9CNICO EM LOG\u00cdSTICA\">T\u00c9CNICO EM LOG\u00cdSTICA<\/option>\n\t\t\t\t\t\t\t\t\t<option value=\"T\u00c9CNICO EM INFORM\u00c1TICA PARA INTERNET\">T\u00c9CNICO EM INFORM\u00c1TICA PARA INTERNET<\/option>\n\t\t\t\t\t\t\t\t\t<option value=\"T\u00c9CNICO EM INFORM\u00c1TICA  \">T\u00c9CNICO EM INFORM\u00c1TICA  <\/option>\n\t\t\t\t\t\t\t\t\t<option value=\"T\u00c9CNICO EM EST\u00c9TICA E COSMETOLOGIA\">T\u00c9CNICO EM EST\u00c9TICA E COSMETOLOGIA<\/option>\n\t\t\t\t\t\t\t\t\t<option value=\"T\u00c9CNICO EM ELETROT\u00c9CNICA\">T\u00c9CNICO EM ELETROT\u00c9CNICA<\/option>\n\t\t\t\t\t\t\t\t\t<option value=\"\"><\/option>\n\t\t\t\t\t\t\t<\/select>\n\t\t<\/div>\n\t\t\t\t\t\t<\/div>\n\t\t\t\t\t\t\t\t<div class=\"elementor-field-type-select elementor-field-group elementor-column elementor-field-group-field_884a490 elementor-col-100 elementor-field-required elementor-mark-required\">\n\t\t\t\t\t\t\t\t\t\t\t\t<label for=\"form-field-field_884a490\" class=\"elementor-field-label\">\n\t\t\t\t\t\t\t\tTurno\t\t\t\t\t\t\t<\/label>\n\t\t\t\t\t\t\t\t<div class=\"elementor-field elementor-select-wrapper remove-before \">\n\t\t\t<div class=\"select-caret-down-wrapper\">\n\t\t\t\t<i aria-hidden=\"true\" class=\"eicon-caret-down\"><\/i>\t\t\t<\/div>\n\t\t\t<select name=\"form_fields[field_884a490]\" id=\"form-field-field_884a490\" class=\"elementor-field-textual elementor-size-sm\" required=\"required\" aria-required=\"true\">\n\t\t\t\t\t\t\t\t\t<option value=\"A Dist\u00e2ncia\">A Dist\u00e2ncia<\/option>\n\t\t\t\t\t\t\t<\/select>\n\t\t<\/div>\n\t\t\t\t\t\t<\/div>\n\t\t\t\t\t\t\t\t<div class=\"elementor-field-type-step elementor-field-group elementor-column elementor-field-group-field_da33618 elementor-col-100\">\n\t\t\t\t\t\t\t<div class=\"e-field-step elementor-hidden\" data-label=\"Informa\u00e7\u00f5es Pessoais\" data-previousButton=\"\" data-nextButton=\"\" data-iconUrl=\"\" data-iconLibrary=\"fas fa-star\" data-icon=\"\" ><\/div>\n\n\t\t\t\t\t\t<\/div>\n\t\t\t\t\t\t\t\t<div class=\"elementor-field-type-text elementor-field-group elementor-column elementor-field-group-field_da56986 elementor-col-100 elementor-field-required elementor-mark-required\">\n\t\t\t\t\t\t\t\t\t\t\t\t<label for=\"form-field-field_da56986\" class=\"elementor-field-label\">\n\t\t\t\t\t\t\t\tCPF\t\t\t\t\t\t\t<\/label>\n\t\t\t\t\t\t\t\t\t\t\t\t\t\t<input size=\"1\" type=\"text\" name=\"form_fields[field_da56986]\" id=\"form-field-field_da56986\" class=\"elementor-field elementor-size-sm  elementor-field-textual\" placeholder=\"CPF\" required=\"required\" aria-required=\"true\">\n\t\t\t\t\t\t\t\t\t\t\t<\/div>\n\t\t\t\t\t\t\t\t<div class=\"elementor-field-type-text elementor-field-group elementor-column elementor-field-group-field_3b2dd67 elementor-col-100 elementor-field-required elementor-mark-required\">\n\t\t\t\t\t\t\t\t\t\t\t\t<label for=\"form-field-field_3b2dd67\" class=\"elementor-field-label\">\n\t\t\t\t\t\t\t\tRG\t\t\t\t\t\t\t<\/label>\n\t\t\t\t\t\t\t\t\t\t\t\t\t\t<input size=\"1\" type=\"text\" name=\"form_fields[field_3b2dd67]\" id=\"form-field-field_3b2dd67\" class=\"elementor-field elementor-size-sm  elementor-field-textual\" placeholder=\"RG\" required=\"required\" aria-required=\"true\">\n\t\t\t\t\t\t\t\t\t\t\t<\/div>\n\t\t\t\t\t\t\t\t<div class=\"elementor-field-type-date elementor-field-group elementor-column elementor-field-group-field_963f9ce elementor-col-100 elementor-field-required elementor-mark-required\">\n\t\t\t\t\t\t\t\t\t\t\t\t<label for=\"form-field-field_963f9ce\" class=\"elementor-field-label\">\n\t\t\t\t\t\t\t\tData de Nascimento\t\t\t\t\t\t\t<\/label>\n\t\t\t\t\t\t\n\t\t<input type=\"date\" name=\"form_fields[field_963f9ce]\" id=\"form-field-field_963f9ce\" class=\"elementor-field elementor-size-sm  elementor-field-textual elementor-date-field\" placeholder=\"Data de Nascimento\" required=\"required\" aria-required=\"true\" pattern=\"[0-9]{4}-[0-9]{2}-[0-9]{2}\">\n\t\t\t\t\t\t<\/div>\n\t\t\t\t\t\t\t\t<div class=\"elementor-field-type-number elementor-field-group elementor-column elementor-field-group-field_05e12f5 elementor-col-100\">\n\t\t\t\t\t\t\t\t\t\t\t\t<label for=\"form-field-field_05e12f5\" class=\"elementor-field-label\">\n\t\t\t\t\t\t\t\tTelefone Fixo\t\t\t\t\t\t\t<\/label>\n\t\t\t\t\t\t\t\t\t<input type=\"number\" name=\"form_fields[field_05e12f5]\" id=\"form-field-field_05e12f5\" class=\"elementor-field elementor-size-sm  elementor-field-textual\" placeholder=\"Telefone Fixo\" min=\"\" max=\"\" >\n\t\t\t\t\t\t<\/div>\n\t\t\t\t\t\t\t\t<div class=\"elementor-field-group elementor-column elementor-field-type-submit elementor-col-100 e-form__buttons\">\n\t\t\t\t\t<button type=\"submit\" class=\"elementor-button elementor-size-sm\">\n\t\t\t\t\t\t<span >\n\t\t\t\t\t\t\t\t\t\t\t\t\t\t\t<span class=\" elementor-button-icon\">\n\t\t\t\t\t\t\t\t\t\t\t\t\t\t\t\t\t\t\t\t\t\t\t\t\t\t<\/span>\n\t\t\t\t\t\t\t\t\t\t\t\t\t\t\t\t\t\t\t\t\t\t<span class=\"elementor-button-text\">Enviar<\/span>\n\t\t\t\t\t\t\t\t\t\t\t\t\t<\/span>\n\t\t\t\t\t<\/button>\n\t\t\t\t<\/div>\n\t\t\t<\/div>\n\t\t<\/form>\n\t\t\t\t\t\t<\/div>\n\t\t\t\t<\/div>\n\t\t\t\t\t<\/div>\n\t\t<\/div>\n\t\t\t\t\t<\/div>\n\t\t<\/section>\n\t\t\t\t<\/div>\n\t\t","protected":false},"excerpt":{"rendered":"","protected":false},"author":1,"featured_media":0,"parent":0,"menu_order":0,"comment_status":"closed","ping_status":"closed","template":"elementor_canvas","meta":{"footnotes":""},"class_list":["post-404","page","type-page","status-publish","hentry"],"aioseo_notices":[],"yoast_head":"<!-- This site is optimized with the Yoast SEO plugin v27.4 - https:\/\/yoast.com\/product\/yoast-seo-wordpress\/ -->\n<title>cursos t\u00e9cnicos cadastro - B2lab Educacional<\/title>\n<meta name=\"robots\" content=\"index, follow, max-snippet:-1, max-image-preview:large, max-video-preview:-1\" \/>\n<link rel=\"canonical\" href=\"https:\/\/b2lab.net.br\/index.php\/cursos-tecnicos-cadastro\/\" \/>\n<meta property=\"og:locale\" content=\"pt_BR\" \/>\n<meta property=\"og:type\" content=\"article\" \/>\n<meta property=\"og:title\" content=\"cursos t\u00e9cnicos cadastro - B2lab Educacional\" \/>\n<meta property=\"og:url\" content=\"https:\/\/b2lab.net.br\/index.php\/cursos-tecnicos-cadastro\/\" \/>\n<meta property=\"og:site_name\" content=\"B2lab Educacional\" \/>\n<meta property=\"article:modified_time\" content=\"2024-12-06T18:36:49+00:00\" \/>\n<meta property=\"og:image\" content=\"https:\/\/b2lab.net.br\/wp-content\/uploads\/2025\/01\/Design-sem-nome-33.png\" \/>\n\t<meta property=\"og:image:width\" content=\"1080\" \/>\n\t<meta property=\"og:image:height\" content=\"1080\" \/>\n\t<meta property=\"og:image:type\" content=\"image\/png\" \/>\n<meta name=\"twitter:card\" content=\"summary_large_image\" \/>\n<script type=\"application\/ld+json\" class=\"yoast-schema-graph\">{\"@context\":\"https:\\\/\\\/schema.org\",\"@graph\":[{\"@type\":\"WebPage\",\"@id\":\"https:\\\/\\\/b2lab.net.br\\\/index.php\\\/cursos-tecnicos-cadastro\\\/\",\"url\":\"https:\\\/\\\/b2lab.net.br\\\/index.php\\\/cursos-tecnicos-cadastro\\\/\",\"name\":\"cursos t\u00e9cnicos cadastro - B2lab Educacional\",\"isPartOf\":{\"@id\":\"https:\\\/\\\/b2lab.net.br\\\/#website\"},\"datePublished\":\"2024-12-06T17:59:36+00:00\",\"dateModified\":\"2024-12-06T18:36:49+00:00\",\"breadcrumb\":{\"@id\":\"https:\\\/\\\/b2lab.net.br\\\/index.php\\\/cursos-tecnicos-cadastro\\\/#breadcrumb\"},\"inLanguage\":\"pt-BR\",\"potentialAction\":[{\"@type\":\"ReadAction\",\"target\":[\"https:\\\/\\\/b2lab.net.br\\\/index.php\\\/cursos-tecnicos-cadastro\\\/\"]}]},{\"@type\":\"BreadcrumbList\",\"@id\":\"https:\\\/\\\/b2lab.net.br\\\/index.php\\\/cursos-tecnicos-cadastro\\\/#breadcrumb\",\"itemListElement\":[{\"@type\":\"ListItem\",\"position\":1,\"name\":\"In\u00edcio\",\"item\":\"https:\\\/\\\/b2lab.net.br\\\/\"},{\"@type\":\"ListItem\",\"position\":2,\"name\":\"cursos t\u00e9cnicos cadastro\"}]},{\"@type\":\"WebSite\",\"@id\":\"https:\\\/\\\/b2lab.net.br\\\/#website\",\"url\":\"https:\\\/\\\/b2lab.net.br\\\/\",\"name\":\"B2lab Educacional\",\"description\":\"\",\"publisher\":{\"@id\":\"https:\\\/\\\/b2lab.net.br\\\/#organization\"},\"alternateName\":\"B2lab\",\"potentialAction\":[{\"@type\":\"SearchAction\",\"target\":{\"@type\":\"EntryPoint\",\"urlTemplate\":\"https:\\\/\\\/b2lab.net.br\\\/?s={search_term_string}\"},\"query-input\":{\"@type\":\"PropertyValueSpecification\",\"valueRequired\":true,\"valueName\":\"search_term_string\"}}],\"inLanguage\":\"pt-BR\"},{\"@type\":\"Organization\",\"@id\":\"https:\\\/\\\/b2lab.net.br\\\/#organization\",\"name\":\"B2lab Educacional\",\"url\":\"https:\\\/\\\/b2lab.net.br\\\/\",\"logo\":{\"@type\":\"ImageObject\",\"inLanguage\":\"pt-BR\",\"@id\":\"https:\\\/\\\/b2lab.net.br\\\/#\\\/schema\\\/logo\\\/image\\\/\",\"url\":\"https:\\\/\\\/b2lab.net.br\\\/wp-content\\\/uploads\\\/2025\\\/01\\\/Design-sem-nome-33.png\",\"contentUrl\":\"https:\\\/\\\/b2lab.net.br\\\/wp-content\\\/uploads\\\/2025\\\/01\\\/Design-sem-nome-33.png\",\"width\":1080,\"height\":1080,\"caption\":\"B2lab Educacional\"},\"image\":{\"@id\":\"https:\\\/\\\/b2lab.net.br\\\/#\\\/schema\\\/logo\\\/image\\\/\"}}]}<\/script>\n<!-- \/ Yoast SEO plugin. -->","yoast_head_json":{"title":"cursos t\u00e9cnicos cadastro - B2lab Educacional","robots":{"index":"index","follow":"follow","max-snippet":"max-snippet:-1","max-image-preview":"max-image-preview:large","max-video-preview":"max-video-preview:-1"},"canonical":"https:\/\/b2lab.net.br\/index.php\/cursos-tecnicos-cadastro\/","og_locale":"pt_BR","og_type":"article","og_title":"cursos t\u00e9cnicos cadastro - B2lab Educacional","og_url":"https:\/\/b2lab.net.br\/index.php\/cursos-tecnicos-cadastro\/","og_site_name":"B2lab Educacional","article_modified_time":"2024-12-06T18:36:49+00:00","og_image":[{"width":1080,"height":1080,"url":"https:\/\/b2lab.net.br\/wp-content\/uploads\/2025\/01\/Design-sem-nome-33.png","type":"image\/png"}],"twitter_card":"summary_large_image","schema":{"@context":"https:\/\/schema.org","@graph":[{"@type":"WebPage","@id":"https:\/\/b2lab.net.br\/index.php\/cursos-tecnicos-cadastro\/","url":"https:\/\/b2lab.net.br\/index.php\/cursos-tecnicos-cadastro\/","name":"cursos t\u00e9cnicos cadastro - B2lab Educacional","isPartOf":{"@id":"https:\/\/b2lab.net.br\/#website"},"datePublished":"2024-12-06T17:59:36+00:00","dateModified":"2024-12-06T18:36:49+00:00","breadcrumb":{"@id":"https:\/\/b2lab.net.br\/index.php\/cursos-tecnicos-cadastro\/#breadcrumb"},"inLanguage":"pt-BR","potentialAction":[{"@type":"ReadAction","target":["https:\/\/b2lab.net.br\/index.php\/cursos-tecnicos-cadastro\/"]}]},{"@type":"BreadcrumbList","@id":"https:\/\/b2lab.net.br\/index.php\/cursos-tecnicos-cadastro\/#breadcrumb","itemListElement":[{"@type":"ListItem","position":1,"name":"In\u00edcio","item":"https:\/\/b2lab.net.br\/"},{"@type":"ListItem","position":2,"name":"cursos t\u00e9cnicos cadastro"}]},{"@type":"WebSite","@id":"https:\/\/b2lab.net.br\/#website","url":"https:\/\/b2lab.net.br\/","name":"B2lab Educacional","description":"","publisher":{"@id":"https:\/\/b2lab.net.br\/#organization"},"alternateName":"B2lab","potentialAction":[{"@type":"SearchAction","target":{"@type":"EntryPoint","urlTemplate":"https:\/\/b2lab.net.br\/?s={search_term_string}"},"query-input":{"@type":"PropertyValueSpecification","valueRequired":true,"valueName":"search_term_string"}}],"inLanguage":"pt-BR"},{"@type":"Organization","@id":"https:\/\/b2lab.net.br\/#organization","name":"B2lab Educacional","url":"https:\/\/b2lab.net.br\/","logo":{"@type":"ImageObject","inLanguage":"pt-BR","@id":"https:\/\/b2lab.net.br\/#\/schema\/logo\/image\/","url":"https:\/\/b2lab.net.br\/wp-content\/uploads\/2025\/01\/Design-sem-nome-33.png","contentUrl":"https:\/\/b2lab.net.br\/wp-content\/uploads\/2025\/01\/Design-sem-nome-33.png","width":1080,"height":1080,"caption":"B2lab Educacional"},"image":{"@id":"https:\/\/b2lab.net.br\/#\/schema\/logo\/image\/"}}]}},"_links":{"self":[{"href":"https:\/\/b2lab.net.br\/index.php\/wp-json\/wp\/v2\/pages\/404","targetHints":{"allow":["GET"]}}],"collection":[{"href":"https:\/\/b2lab.net.br\/index.php\/wp-json\/wp\/v2\/pages"}],"about":[{"href":"https:\/\/b2lab.net.br\/index.php\/wp-json\/wp\/v2\/types\/page"}],"author":[{"embeddable":true,"href":"https:\/\/b2lab.net.br\/index.php\/wp-json\/wp\/v2\/users\/1"}],"replies":[{"embeddable":true,"href":"https:\/\/b2lab.net.br\/index.php\/wp-json\/wp\/v2\/comments?post=404"}],"version-history":[{"count":16,"href":"https:\/\/b2lab.net.br\/index.php\/wp-json\/wp\/v2\/pages\/404\/revisions"}],"predecessor-version":[{"id":432,"href":"https:\/\/b2lab.net.br\/index.php\/wp-json\/wp\/v2\/pages\/404\/revisions\/432"}],"wp:attachment":[{"href":"https:\/\/b2lab.net.br\/index.php\/wp-json\/wp\/v2\/media?parent=404"}],"curies":[{"name":"wp","href":"https:\/\/api.w.org\/{rel}","templated":true}]}}